{"id":132,"date":"2017-11-03T12:22:35","date_gmt":"2017-11-03T12:22:35","guid":{"rendered":"http:\/\/albergo.elated-themes.com\/?page_id=132"},"modified":"2019-07-09T14:14:30","modified_gmt":"2019-07-09T11:14:30","slug":"contact","status":"publish","type":"page","link":"https:\/\/www.yilmazhotel.com\/en\/contact","title":{"rendered":"Contact"},"content":{"rendered":"<div class=\"wpb-content-wrapper\"><p>[vc_row css=&#8221;.vc_custom_1512569764303{padding-top: 60px !important;background-color: #f7f5f5 !important;}&#8221;][vc_column width=&#8221;1\/3&#8243;]<div class=\"eltd-elements-holder  eltd-eh-full-height eltd-one-column  eltd-responsive-mode-768 \" ><div class=\"eltd-eh-item   eltd-horizontal-alignment-center \"  data-item-class=\"eltd-eh-custom-6787\">\n\t<div class=\"eltd-eh-item-inner\">\n\t\t<div class=\"eltd-eh-item-content eltd-eh-custom-6787\" style=\"padding: 0 30px 0 30px\">\n\t\t\t    <span class=\"eltd-icon-shortcode eltd-normal   eltd-icon-medium\"  >\n                    <span aria-hidden=\"true\" class=\"eltd-icon-linear-icons lnr lnr-map-marker eltd-icon-element\" style=\"font-size:36px\" ><\/span>            <\/span>\n[vc_empty_space height=&#8221;2px&#8221;][vc_column_text]Ortakent Yah\u015fi Yal\u0131s\u0131, Bodrum[\/vc_column_text][vc_column_text]ORTAKENT YALISI Z\u00fcmr\u00fct Street 48420 BODRUM \u2013 MU\u011eLA[\/vc_column_text][vc_empty_space height=&#8221;40px&#8221;]\t\t<\/div>\n\t<\/div>\n<\/div><\/div>[\/vc_column][vc_column width=&#8221;1\/3&#8243;]<div class=\"eltd-elements-holder  eltd-eh-full-height eltd-one-column  eltd-responsive-mode-768 \" ><div class=\"eltd-eh-item   eltd-horizontal-alignment-center \"  data-item-class=\"eltd-eh-custom-3760\">\n\t<div class=\"eltd-eh-item-inner\">\n\t\t<div class=\"eltd-eh-item-content eltd-eh-custom-3760\" style=\"padding: 0 30px 0 30px\">\n\t\t\t    <span class=\"eltd-icon-shortcode eltd-normal   eltd-icon-medium\"  >\n                    <span aria-hidden=\"true\" class=\"eltd-icon-linear-icons lnr lnr-phone-handset eltd-icon-element\" style=\"font-size:36px\" ><\/span>            <\/span>\n[vc_empty_space height=&#8221;2px&#8221;][vc_column_text]HOTEL CONTACT[\/vc_column_text][vc_column_text]<a href=\"tel:+902523585508\">Phone\/ Fax: (+90 252) 358 55 08<\/a>[\/vc_column_text][vc_empty_space height=&#8221;40px&#8221;]\t\t<\/div>\n\t<\/div>\n<\/div><\/div>[\/vc_column][vc_column width=&#8221;1\/3&#8243;]<div class=\"eltd-elements-holder  eltd-eh-full-height eltd-one-column  eltd-responsive-mode-768 \" ><div class=\"eltd-eh-item   eltd-horizontal-alignment-center \"  data-item-class=\"eltd-eh-custom-9181\">\n\t<div class=\"eltd-eh-item-inner\">\n\t\t<div class=\"eltd-eh-item-content eltd-eh-custom-9181\" style=\"padding: 0 30px 0 30px\">\n\t\t\t    <span class=\"eltd-icon-shortcode eltd-normal   eltd-icon-medium\"  >\n                    <span aria-hidden=\"true\" class=\"eltd-icon-linear-icons lnr lnr-phone eltd-icon-element\" style=\"font-size:36px\" ><\/span>            <\/span>\n[vc_empty_space height=&#8221;2px&#8221;][vc_column_text]<\/p>\n<pre id=\"tw-target-text\" class=\"tw-data-text tw-ta tw-text-medium\" dir=\"ltr\" data-placeholder=\"\u00c7eviri\"><span lang=\"en\" tabindex=\"0\">RESERVATION<\/span><\/pre>\n<p>[\/vc_column_text][vc_column_text]<a href=\"tel:+902523585508\"> Phone \/ Fax: (+90 252) 358 55 08<\/a><\/p>\n<p><a href=\"mailto:info@yilmazhotel.com\">E-Mail: info@yilmazhotel.com<\/a>[\/vc_column_text][vc_empty_space height=&#8221;40px&#8221;]\t\t<\/div>\n\t<\/div>\n<\/div><\/div>[\/vc_column][\/vc_row][vc_row row_content_width=&#8221;grid&#8221; css=&#8221;.vc_custom_1511957280439{padding-bottom: 32px !important;}&#8221;][vc_column width=&#8221;1\/2&#8243; css=&#8221;.vc_custom_1509720858879{padding-right: 50px !important;padding-left: 50px !important;}&#8221;][vc_column_text]<iframe loading=\"lazy\" style=\"border: 0;\" src=\"https:\/\/www.google.com\/maps\/embed?pb=!1m18!1m12!1m3!1d3185.5505661710413!2d27.3476953152961!3d37.02051697990371!2m3!1f0!2f0!3f0!3m2!1i1024!2i768!4f13.1!3m3!1m2!1s0x14be729a0f834ac9%3A0x26e917143bb2ce1b!2sY%C4%B1lmaz+Hotel!5e0!3m2!1str!2str!4v1557399319296!5m2!1str!2str\" width=\"100%\" height=\"450\" frameborder=\"0\" allowfullscreen=\"allowfullscreen\"><\/iframe>[\/vc_column_text][\/vc_column][vc_column width=&#8221;1\/2&#8243;]<div class=\"eltd-elements-holder   eltd-one-column  eltd-responsive-mode-768 \" ><div class=\"eltd-eh-item   eltd-horizontal-alignment-center \"  data-item-class=\"eltd-eh-custom-1766\" data-1280-1600=\"0 6px 0 6px\" data-1024-1280=\"0 6px 0 6px\" data-768-1024=\"0 65px 0 65px\">\n\t<div class=\"eltd-eh-item-inner\">\n\t\t<div class=\"eltd-eh-item-content eltd-eh-custom-1766\" style=\"padding: 0 32px 0 32px\">\n\t\t\t\n<div class=\"wpcf7 no-js\" id=\"wpcf7-f237-o1\" lang=\"en-US\" dir=\"ltr\" data-wpcf7-id=\"237\">\n<div class=\"screen-reader-response\"><p role=\"status\" aria-live=\"polite\" aria-atomic=\"true\"><\/p> <ul><\/ul><\/div>\n<form action=\"\/en\/wp-json\/wp\/v2\/pages\/132#wpcf7-f237-o1\" method=\"post\" class=\"wpcf7-form init\" aria-label=\"Contact form\" novalidate=\"novalidate\" data-status=\"init\">\n<div style=\"display: none;\">\n<input type=\"hidden\" name=\"_wpcf7\" value=\"237\" \/>\n<input type=\"hidden\" name=\"_wpcf7_version\" value=\"6.0.6\" \/>\n<input type=\"hidden\" name=\"_wpcf7_locale\" value=\"en_US\" \/>\n<input type=\"hidden\" name=\"_wpcf7_unit_tag\" value=\"wpcf7-f237-o1\" \/>\n<input type=\"hidden\" name=\"_wpcf7_container_post\" value=\"0\" \/>\n<input type=\"hidden\" name=\"_wpcf7_posted_data_hash\" value=\"\" \/>\n<\/div>\n<p><span class=\"wpcf7-form-control-wrap\" data-name=\"your-name\"><input size=\"40\" maxlength=\"400\" class=\"wpcf7-form-control wpcf7-text\" aria-invalid=\"false\" placeholder=\"Name\" value=\"\" type=\"text\" name=\"your-name\" \/><\/span>\n<\/p>\n<p><span class=\"wpcf7-form-control-wrap\" data-name=\"email-441\"><input size=\"40\" maxlength=\"400\" class=\"wpcf7-form-control wpcf7-email wpcf7-validates-as-required wpcf7-text wpcf7-validates-as-email\" aria-required=\"true\" aria-invalid=\"false\" placeholder=\"Email\" value=\"\" type=\"email\" name=\"email-441\" \/><\/span>\n<\/p>\n<p><span class=\"wpcf7-form-control-wrap\" data-name=\"tel-241\"><input size=\"40\" maxlength=\"400\" class=\"wpcf7-form-control wpcf7-tel wpcf7-validates-as-required wpcf7-text wpcf7-validates-as-tel\" aria-required=\"true\" aria-invalid=\"false\" placeholder=\"Phone\" value=\"\" type=\"tel\" name=\"tel-241\" \/><\/span>\n<\/p>\n<p><span class=\"wpcf7-form-control-wrap\" data-name=\"date-44\"><input class=\"wpcf7-form-control wpcf7-date wpcf7-validates-as-required wpcf7-validates-as-date\" aria-required=\"true\" aria-invalid=\"false\" placeholder=\"Entry date\" value=\"\" type=\"date\" name=\"date-44\" \/><\/span><span class=\"wpcf7-form-control-wrap\" data-name=\"date-991\"><input class=\"wpcf7-form-control wpcf7-date wpcf7-validates-as-required wpcf7-validates-as-date\" aria-required=\"true\" aria-invalid=\"false\" placeholder=\"Release date\" value=\"\" type=\"date\" name=\"date-991\" \/><\/span>\n<\/p>\n<p><span class=\"wpcf7-form-control-wrap\" data-name=\"number-566\"><input class=\"wpcf7-form-control wpcf7-number wpcf7-validates-as-required wpcf7-validates-as-number\" aria-required=\"true\" aria-invalid=\"false\" placeholder=\"Adult\" value=\"\" type=\"number\" name=\"number-566\" \/><\/span><span class=\"wpcf7-form-control-wrap\" data-name=\"number-622\"><input class=\"wpcf7-form-control wpcf7-number wpcf7-validates-as-number\" aria-invalid=\"false\" placeholder=\"Children\" value=\"\" type=\"number\" name=\"number-622\" \/><\/span>\n<\/p>\n<p><span class=\"wpcf7-form-control-wrap\" data-name=\"your-message\"><textarea cols=\"40\" rows=\"10\" maxlength=\"2000\" class=\"wpcf7-form-control wpcf7-textarea\" aria-invalid=\"false\" placeholder=\"Subject\" name=\"your-message\"><\/textarea><\/span>\n<\/p>\n<p><input class=\"wpcf7-form-control wpcf7-submit has-spinner\" type=\"submit\" value=\"Book Now\" \/>\n<\/p><input type='hidden' class='wpcf7-pum' value='{\"closepopup\":false,\"closedelay\":0,\"openpopup\":false,\"openpopup_id\":0}' \/><div class=\"wpcf7-response-output\" aria-hidden=\"true\"><\/div>\n<\/form>\n<\/div>\n\t\t<\/div>\n\t<\/div>\n<\/div><\/div>[\/vc_column][\/vc_row]<\/p>\n<\/div>","protected":false},"excerpt":{"rendered":"<p>[vc_row css=&#8221;.vc_custom_1512569764303{padding-top: 60px !important;background-color: #f7f5f5 !important;}&#8221;][vc_column width=&#8221;1\/3&#8243;][\/vc_column][vc_column width=&#8221;1\/3&#8243;][\/vc_column][vc_column width=&#8221;1\/3&#8243;][\/vc_column][\/vc_row][vc_row row_content_width=&#8221;grid&#8221; css=&#8221;.vc_custom_1511957280439{padding-bottom: 32px !important;}&#8221;][vc_column width=&#8221;1\/2&#8243; css=&#8221;.vc_custom_1509720858879{padding-right: 50px !important;padding-left: 50px !important;}&#8221;][vc_column_text][\/vc_column_text][\/vc_column][vc_column width=&#8221;1\/2&#8243;][\/vc_column][\/vc_row]<\/p>\n","protected":false},"author":1,"featured_media":0,"parent":0,"menu_order":0,"comment_status":"closed","ping_status":"closed","template":"full-width.php","meta":{"footnotes":""},"class_list":["post-132","page","type-page","status-publish","hentry"],"aioseo_notices":[],"_links":{"self":[{"href":"https:\/\/www.yilmazhotel.com\/en\/wp-json\/wp\/v2\/pages\/132","targetHints":{"allow":["GET"]}}],"collection":[{"href":"https:\/\/www.yilmazhotel.com\/en\/wp-json\/wp\/v2\/pages"}],"about":[{"href":"https:\/\/www.yilmazhotel.com\/en\/wp-json\/wp\/v2\/types\/page"}],"author":[{"embeddable":true,"href":"https:\/\/www.yilmazhotel.com\/en\/wp-json\/wp\/v2\/users\/1"}],"replies":[{"embeddable":true,"href":"https:\/\/www.yilmazhotel.com\/en\/wp-json\/wp\/v2\/comments?post=132"}],"version-history":[{"count":18,"href":"https:\/\/www.yilmazhotel.com\/en\/wp-json\/wp\/v2\/pages\/132\/revisions"}],"predecessor-version":[{"id":6070,"href":"https:\/\/www.yilmazhotel.com\/en\/wp-json\/wp\/v2\/pages\/132\/revisions\/6070"}],"wp:attachment":[{"href":"https:\/\/www.yilmazhotel.com\/en\/wp-json\/wp\/v2\/media?parent=132"}],"curies":[{"name":"wp","href":"https:\/\/api.w.org\/{rel}","templated":true}]}}